{"id":68,"date":"2025-06-06T16:16:51","date_gmt":"2025-06-06T14:16:51","guid":{"rendered":"https:\/\/vandalecomte.fr\/?page_id=68"},"modified":"2025-06-10T22:42:47","modified_gmt":"2025-06-10T20:42:47","slug":"localisation","status":"publish","type":"page","link":"https:\/\/www.vandalecomte.fr\/index.php\/localisation\/","title":{"rendered":"Me localiser"},"content":{"rendered":"\n<p><\/p>\n\n\n<p><iframe src=\"https:\/\/www.google.com\/maps\/embed?pb=!1m18!1m12!1m3!1d21417.524309655288!2d6.698737774316407!3d47.85527299999998!2m3!1f0!2f0!3f0!3m2!1i1024!2i768!4f13.1!3m3!1m2!1s0x47924b4ec8a25939%3A0xbc20a299d9d2c5af!2sVanda%20Shiatsu!5e0!3m2!1sfr!2sfr!4v1749218032311!5m2!1sfr!2sfr\" width=\"600\" height=\"450\" style=\"border:0;\" allowfullscreen=\"\" loading=\"lazy\" referrerpolicy=\"no-referrer-when-downgrade\"><\/iframe><\/p>\n\n\n<p><a href=\"https:\/\/maps.app.goo.gl\/35rBrKXRPxzJqZrYA\">Itin\u00e9raire Maps<\/a>\n<br><a href=\"waze:\/\/?ll=47.85677,6.73667&#038;navigate=yes\">Itin\u00e9raire Waze<\/a><\/p>\n\n\n\n<p><a href=\"waze:\/\/?q=Vanda Shiatsu, 205 Les Chaseaux, 70440 Haut-du-Them-Ch\u00e2teau-Lambert&amp;navigate=yes\">Itin\u00e9raire Waze<\/a><\/p>\n","protected":false},"excerpt":{"rendered":"<p>Itin\u00e9raire Maps Itin\u00e9raire Waze Itin\u00e9raire Waze<\/p>\n","protected":false},"author":1,"featured_media":0,"parent":0,"menu_order":5,"comment_status":"closed","ping_status":"closed","template":"","meta":{"footnotes":""},"class_list":["post-68","page","type-page","status-publish","hentry"],"_links":{"self":[{"href":"https:\/\/www.vandalecomte.fr\/index.php\/wp-json\/wp\/v2\/pages\/68","targetHints":{"allow":["GET"]}}],"collection":[{"href":"https:\/\/www.vandalecomte.fr\/index.php\/wp-json\/wp\/v2\/pages"}],"about":[{"href":"https:\/\/www.vandalecomte.fr\/index.php\/wp-json\/wp\/v2\/types\/page"}],"author":[{"embeddable":true,"href":"https:\/\/www.vandalecomte.fr\/index.php\/wp-json\/wp\/v2\/users\/1"}],"replies":[{"embeddable":true,"href":"https:\/\/www.vandalecomte.fr\/index.php\/wp-json\/wp\/v2\/comments?post=68"}],"version-history":[{"count":15,"href":"https:\/\/www.vandalecomte.fr\/index.php\/wp-json\/wp\/v2\/pages\/68\/revisions"}],"predecessor-version":[{"id":92,"href":"https:\/\/www.vandalecomte.fr\/index.php\/wp-json\/wp\/v2\/pages\/68\/revisions\/92"}],"wp:attachment":[{"href":"https:\/\/www.vandalecomte.fr\/index.php\/wp-json\/wp\/v2\/media?parent=68"}],"curies":[{"name":"wp","href":"https:\/\/api.w.org\/{rel}","templated":true}]}}